{"id":16,"date":"2014-02-24T13:11:29","date_gmt":"2014-02-24T16:11:29","guid":{"rendered":"http:\/\/walterelias.com.ar\/sitio\/?page_id=16"},"modified":"2024-01-23T10:33:20","modified_gmt":"2024-01-23T13:33:20","slug":"presentacion","status":"publish","type":"page","link":"https:\/\/walterelias.com.ar\/sitio\/presentacion\/","title":{"rendered":"Acerca de&#8230;"},"content":{"rendered":"\n<p>Hola, soy Walter Elias. Nac\u00ed en el departamento San Mart\u00edn, Provincia de Mendoza y desde 1992 resido en la Provincia de Entre R\u00edos, Rep\u00fablica Argentina. Soy casado y tengo una hija.<\/p>\n\n\n\n<p>Soy nerd desde que me acuerdo, bastante geek y uso anteojos (aunque los dos aspectos previos seguramente permiten intuir el tercero).<\/p>\n\n\n\n<p>Soy fan\u00e1tico de Robotech, Macross y derivados de ambos. Amo la Ciencia Ficci\u00f3n (y esto tambi\u00e9n es compatible con los aspectos previos) y los universos de Marvel y DC.<\/p>\n\n\n\n<p>Soy astr\u00f3nomo aficionado y Licenciado en Bioinform\u00e1tica.<\/p>\n\n\n\n<p>Este blog tiene por objetivo contar un poco mi historia y compartir algunas peque\u00f1as cosas que puedan ser de utilidad a los dem\u00e1s.<\/p>\n\n\n\n<p>Espero sea de tu agrado y no dudes en compartir o consultar lo que desees.<\/p>\n","protected":false},"excerpt":{"rendered":"<p>Hola, soy Walter Elias. Nac\u00ed en el departamento San Mart\u00edn, Provincia de Mendoza y desde 1992 resido en la Provincia de Entre R\u00edos, Rep\u00fablica Argentina. Soy casado y tengo una hija. Soy nerd desde que me acuerdo, bastante geek y uso anteojos (aunque los dos aspectos previos seguramente permiten intuir el tercero). Soy fan\u00e1tico de&#8230;<\/p>\n","protected":false},"author":1,"featured_media":0,"parent":0,"menu_order":0,"comment_status":"open","ping_status":"closed","template":"","meta":{"footnotes":""},"class_list":["post-16","page","type-page","status-publish","hentry"],"_links":{"self":[{"href":"https:\/\/walterelias.com.ar\/sitio\/wp-json\/wp\/v2\/pages\/16","targetHints":{"allow":["GET"]}}],"collection":[{"href":"https:\/\/walterelias.com.ar\/sitio\/wp-json\/wp\/v2\/pages"}],"about":[{"href":"https:\/\/walterelias.com.ar\/sitio\/wp-json\/wp\/v2\/types\/page"}],"author":[{"embeddable":true,"href":"https:\/\/walterelias.com.ar\/sitio\/wp-json\/wp\/v2\/users\/1"}],"replies":[{"embeddable":true,"href":"https:\/\/walterelias.com.ar\/sitio\/wp-json\/wp\/v2\/comments?post=16"}],"version-history":[{"count":7,"href":"https:\/\/walterelias.com.ar\/sitio\/wp-json\/wp\/v2\/pages\/16\/revisions"}],"predecessor-version":[{"id":208,"href":"https:\/\/walterelias.com.ar\/sitio\/wp-json\/wp\/v2\/pages\/16\/revisions\/208"}],"wp:attachment":[{"href":"https:\/\/walterelias.com.ar\/sitio\/wp-json\/wp\/v2\/media?parent=16"}],"curies":[{"name":"wp","href":"https:\/\/api.w.org\/{rel}","templated":true}]}}