{"id":111,"date":"2018-01-09T10:25:35","date_gmt":"2018-01-09T13:25:35","guid":{"rendered":"http:\/\/walterelias.com.ar\/sitio\/?page_id=111"},"modified":"2018-01-09T14:30:40","modified_gmt":"2018-01-09T17:30:40","slug":"clima-astronomico","status":"publish","type":"page","link":"https:\/\/walterelias.com.ar\/sitio\/clima-astronomico\/","title":{"rendered":"Clima astron\u00f3mico"},"content":{"rendered":"<p>El objetivo de esta p\u00e1gina es mantener informaci\u00f3n actualizada acerca del clima en Oro Verde, Entre R\u00edos, Argentina y en otros lugares de astroamigos del pa\u00eds, con algunas variables \u00fatiles para astronom\u00eda.<\/p>\n<p>Resumen para las pr\u00f3ximas 48 hs.<\/p>\n<h3>Oro Verde (Entre R\u00edos)<\/h3>\n<p><img loading=\"lazy\" decoding=\"async\" class=\"alignnone size-full\" src=\"http:\/\/www.7timer.info\/bin\/astro.php?lon=-60.52&amp;lat=-31.826&amp;lang=en&amp;ac=0&amp;unit=metric&amp;tzshift=0\" width=\"580\" height=\"230\" \/><\/p>\n<h3>Ituzaing\u00f3 (Corrientes)<\/h3>\n<p><a href=\"http:\/\/www.7timer.info\/bin\/astro.php?lon=-56.667&amp;lat=-27.6&amp;lang=en&amp;ac=0&amp;unit=metric&amp;tzshift=0\"><img loading=\"lazy\" decoding=\"async\" class=\"alignnone size-full\" src=\"http:\/\/www.7timer.info\/bin\/astro.php?lon=-56.667&amp;lat=-27&amp;lang=en&amp;ac=0&amp;unit=metric&amp;tzshift=0\" width=\"580\" height=\"230\" \/><\/a><\/p>\n<h3>Posadas (Misiones)<\/h3>\n<p><img loading=\"lazy\" decoding=\"async\" class=\"alignnone size-full\" src=\"http:\/\/www.7timer.info\/bin\/astro.php?lon=-57.568&amp;lat=-37.993&amp;lang=en&amp;ac=0&amp;unit=metric&amp;tzshift=0\" width=\"580\" height=\"230\" \/><\/p>\n<h3>Capiov\u00ed (Misiones) &#8211; Asociaci\u00f3n Astron\u00f3mica de Capiov\u00ed (AstroCap)<\/h3>\n<p><img loading=\"lazy\" decoding=\"async\" class=\"alignnone size-full\" src=\"http:\/\/www.7timer.info\/bin\/astro.php?lon=-55.057&amp;lat=-26.932&amp;lang=en&amp;ac=0&amp;unit=metric&amp;tzshift=0\" width=\"580\" height=\"230\" \/><\/p>\n<h3>San Miguel de Tucum\u00e1n (Tucum\u00e1n)<\/h3>\n<p><img loading=\"lazy\" decoding=\"async\" class=\"alignnone size-full\" src=\"http:\/\/www.7timer.info\/bin\/astro.php?lon=-65.218&amp;lat=-26.808&amp;lang=en&amp;ac=0&amp;unit=metric&amp;tzshift=0\" width=\"580\" height=\"230\" \/><\/p>\n<h3>Mar del Plata (Buenos Aires)<\/h3>\n<p><img loading=\"lazy\" decoding=\"async\" class=\"alignnone size-full\" src=\"http:\/\/www.7timer.info\/bin\/astro.php?lon=-55.925&amp;lat=-27.387&amp;lang=en&amp;ac=0&amp;unit=metric&amp;tzshift=0\" width=\"580\" height=\"230\" \/><\/p>\n<h3>Resistencia (Chaco)<\/h3>\n<p><img loading=\"lazy\" decoding=\"async\" class=\"alignnone size-full\" src=\"http:\/\/www.7timer.info\/bin\/astro.php?lon=-60.209&amp;lat=-29.462&amp;lang=en&amp;ac=0&amp;unit=metric&amp;tzshift=0\" width=\"580\" height=\"230\" \/><\/p>\n<h3>Vera (Santa Fe)<\/h3>\n<p><a href=\"http:\/\/www.7timer.info\/bin\/astro.php?lon=-58.985&amp;lat=-27.464&amp;lang=en&amp;ac=0&amp;unit=metric&amp;tzshift=0\"><img loading=\"lazy\" decoding=\"async\" class=\"alignnone size-full\" src=\"http:\/\/www.7timer.info\/bin\/astro.php?lon=-58.985&amp;lat=-27.464&amp;lang=en&amp;ac=0&amp;unit=metric&amp;tzshift=0\" width=\"580\" height=\"230\" \/><\/a><\/p>\n<p>Informaci\u00f3n para entender la imagen:<\/p>\n<table style=\"height: 763px;\" border=\"1\" width=\"670\">\n<tbody>\n<tr>\n<td align=\"center\" width=\"185\" height=\"16\">Icono<\/td>\n<td align=\"center\" width=\"398\" height=\"16\">Definici\u00f3n t\u00e9cnica<\/td>\n<\/tr>\n<tr>\n<td align=\"center\" width=\"185\" height=\"20\"><img decoding=\"async\" src=\"http:\/\/202.127.24.18\/img\/misc\/about_astro_cloud.png\" \/><\/td>\n<td align=\"center\" width=\"398\" height=\"20\">Gr\u00e1fico de torta de cobertura de nubes. Azul significa m\u00e1s limpio y blanco m\u00e1s nublado.<\/td>\n<\/tr>\n<tr>\n<td align=\"center\" width=\"185\" height=\"20\"><img decoding=\"async\" src=\"http:\/\/202.127.24.18\/img\/misc\/about_astro_seeing.png\" \/><\/td>\n<td align=\"center\" width=\"398\" height=\"20\">\u00abSeeing\u00bb astron\u00f3mico. De izquierda a derecha: &lt;0.5&#8243;, 0.5&#8243;-0.75&#8243;, 0.75&#8243;-1&#8243;, 1&#8243;-1.25&#8243;, 1.25&#8243;-1.5&#8243;, 1.5&#8243;-2&#8243;, 2&#8243;-2.5&#8243;, &gt;2.5&#8243;. Mientras m\u00e1s peque\u00f1o y azul, mejores condiciones de seeing<\/td>\n<\/tr>\n<tr>\n<td align=\"center\" width=\"185\" height=\"20\"><img decoding=\"async\" src=\"http:\/\/202.127.24.18\/img\/misc\/about_astro_transparency.png\" \/><\/td>\n<td align=\"center\" width=\"398\" height=\"20\">Transparencia atmosf\u00e9rica. De izquierda a derecha: &lt;0.3, 0.3-0.4, 0.4-0.5, 0.5-0.6, 0.6-0.7, 0.7-0.85, 0.85-1, &gt;1 (Unidad: Magnitud por masa de aire). Menos barras azules, m\u00e1s transparencia<\/td>\n<\/tr>\n<tr>\n<td align=\"center\" width=\"185\" height=\"2\"><img decoding=\"async\" src=\"http:\/\/202.127.24.18\/img\/misc\/about_astro_rainsnow.png\" \/><\/td>\n<td align=\"center\" width=\"398\" height=\"2\">Probabilidad de lluvia\/nieve<\/td>\n<\/tr>\n<tr>\n<td align=\"center\" width=\"185\" height=\"2\"><img decoding=\"async\" src=\"http:\/\/202.127.24.18\/img\/misc\/about_astro_unstable.png\" \/><\/td>\n<td align=\"center\" width=\"398\" height=\"2\">Inestabilidad atmosf\u00e9rica. De Izquierda a derecha, \u00edndice entre 0 a -3, -3 a -5, y m\u00e1s de -5.<\/td>\n<\/tr>\n<tr>\n<td align=\"center\" width=\"185\" height=\"2\"><img decoding=\"async\" src=\"http:\/\/202.127.24.18\/img\/misc\/about_astro_rh.png\" \/><\/td>\n<td align=\"center\" width=\"398\" height=\"2\">Alerta de humedad relativa. De izquierda a derecha: 80%-90%, 90%-95%, y m\u00e1s de 95%.<\/td>\n<\/tr>\n<tr>\n<td align=\"center\" width=\"185\" height=\"2\"><img decoding=\"async\" src=\"http:\/\/202.127.24.18\/img\/misc\/about_astro_wind.png\" \/><\/td>\n<td align=\"center\" width=\"398\" height=\"2\">Alerta de clima ventoso. De izquierda a derecha, viento sostenido con una velocidad media entre 8.0-10.8 m\/s (suave), 10.8-17.2m\/s (fuerte), y m\u00e1s de 17.2m\/s (vendaval o superior).<\/td>\n<\/tr>\n<\/tbody>\n<\/table>\n<div><\/div>\n<div><\/div>\n<div><\/div>\n","protected":false},"excerpt":{"rendered":"<p>El objetivo de esta p\u00e1gina es mantener informaci\u00f3n actualizada acerca del clima en Oro Verde, Entre R\u00edos, Argentina y en otros lugares de astroamigos del pa\u00eds, con algunas variables \u00fatiles para astronom\u00eda. Resumen para las pr\u00f3ximas 48 hs. Oro Verde (Entre R\u00edos) Ituzaing\u00f3 (Corrientes) Posadas (Misiones) Capiov\u00ed (Misiones) &#8211; Asociaci\u00f3n Astron\u00f3mica de Capiov\u00ed (AstroCap) San&#8230;<\/p>\n","protected":false},"author":1,"featured_media":0,"parent":0,"menu_order":0,"comment_status":"closed","ping_status":"closed","template":"","meta":{"footnotes":""},"class_list":["post-111","page","type-page","status-publish","hentry"],"_links":{"self":[{"href":"https:\/\/walterelias.com.ar\/sitio\/wp-json\/wp\/v2\/pages\/111","targetHints":{"allow":["GET"]}}],"collection":[{"href":"https:\/\/walterelias.com.ar\/sitio\/wp-json\/wp\/v2\/pages"}],"about":[{"href":"https:\/\/walterelias.com.ar\/sitio\/wp-json\/wp\/v2\/types\/page"}],"author":[{"embeddable":true,"href":"https:\/\/walterelias.com.ar\/sitio\/wp-json\/wp\/v2\/users\/1"}],"replies":[{"embeddable":true,"href":"https:\/\/walterelias.com.ar\/sitio\/wp-json\/wp\/v2\/comments?post=111"}],"version-history":[{"count":7,"href":"https:\/\/walterelias.com.ar\/sitio\/wp-json\/wp\/v2\/pages\/111\/revisions"}],"predecessor-version":[{"id":121,"href":"https:\/\/walterelias.com.ar\/sitio\/wp-json\/wp\/v2\/pages\/111\/revisions\/121"}],"wp:attachment":[{"href":"https:\/\/walterelias.com.ar\/sitio\/wp-json\/wp\/v2\/media?parent=111"}],"curies":[{"name":"wp","href":"https:\/\/api.w.org\/{rel}","templated":true}]}}